{"id":28,"date":"2022-07-18T09:34:15","date_gmt":"2022-07-18T09:34:15","guid":{"rendered":"https:\/\/autohaus-turowski-karriere.de\/?page_id=28"},"modified":"2022-07-18T11:12:26","modified_gmt":"2022-07-18T11:12:26","slug":"impressum","status":"publish","type":"page","link":"https:\/\/autohaus-turowski-karriere.de\/index.php\/impressum\/","title":{"rendered":"Impressum"},"content":{"rendered":"\t\t<div data-elementor-type=\"wp-page\" data-elementor-id=\"28\" class=\"elementor elementor-28\">\n\t\t\t\t\t\t\t\t\t<section class=\"elementor-section elementor-top-section elementor-element elementor-element-3b3fdfa elementor-section-boxed elementor-section-height-default elementor-section-height-default\" data-id=\"3b3fdfa\" data-element_type=\"section\">\n\t\t\t\t\t\t<div class=\"elementor-container elementor-column-gap-default\">\n\t\t\t\t\t<div class=\"elementor-column elementor-col-100 elementor-top-column elementor-element elementor-element-1bdfa38\" data-id=\"1bdfa38\" data-element_type=\"column\">\n\t\t\t<div class=\"elementor-widget-wrap elementor-element-populated\">\n\t\t\t\t\t\t\t\t<div class=\"elementor-element elementor-element-0ab450a elementor-widget elementor-widget-heading\" data-id=\"0ab450a\" data-element_type=\"widget\" data-widget_type=\"heading.default\">\n\t\t\t\t<div class=\"elementor-widget-container\">\n\t\t\t<style>\/*! elementor - v3.11.2 - 22-02-2023 *\/\n.elementor-heading-title{padding:0;margin:0;line-height:1}.elementor-widget-heading .elementor-heading-title[class*=elementor-size-]>a{color:inherit;font-size:inherit;line-height:inherit}.elementor-widget-heading .elementor-heading-title.elementor-size-small{font-size:15px}.elementor-widget-heading .elementor-heading-title.elementor-size-medium{font-size:19px}.elementor-widget-heading .elementor-heading-title.elementor-size-large{font-size:29px}.elementor-widget-heading .elementor-heading-title.elementor-size-xl{font-size:39px}.elementor-widget-heading .elementor-heading-title.elementor-size-xxl{font-size:59px}<\/style><h2 class=\"elementor-heading-title elementor-size-default\">Impressum<\/h2>\t\t<\/div>\n\t\t\t\t<\/div>\n\t\t\t\t\t<\/div>\n\t\t<\/div>\n\t\t\t\t\t\t\t<\/div>\n\t\t<\/section>\n\t\t\t\t<section class=\"elementor-section elementor-top-section elementor-element elementor-element-0985fa4 elementor-section-boxed elementor-section-height-default elementor-section-height-default\" data-id=\"0985fa4\" data-element_type=\"section\" data-settings=\"{&quot;background_background&quot;:&quot;classic&quot;}\">\n\t\t\t\t\t\t<div class=\"elementor-container elementor-column-gap-default\">\n\t\t\t\t\t<div class=\"elementor-column elementor-col-100 elementor-top-column elementor-element elementor-element-258676b\" data-id=\"258676b\" data-element_type=\"column\">\n\t\t\t<div class=\"elementor-widget-wrap elementor-element-populated\">\n\t\t\t\t\t\t\t\t<div class=\"elementor-element elementor-element-7322e93 elementor-widget elementor-widget-text-editor\" data-id=\"7322e93\" data-element_type=\"widget\" data-widget_type=\"text-editor.default\">\n\t\t\t\t<div class=\"elementor-widget-container\">\n\t\t\t<style>\/*! elementor - v3.11.2 - 22-02-2023 *\/\n.elementor-widget-text-editor.elementor-drop-cap-view-stacked .elementor-drop-cap{background-color:#818a91;color:#fff}.elementor-widget-text-editor.elementor-drop-cap-view-framed .elementor-drop-cap{color:#818a91;border:3px solid;background-color:transparent}.elementor-widget-text-editor:not(.elementor-drop-cap-view-default) .elementor-drop-cap{margin-top:8px}.elementor-widget-text-editor:not(.elementor-drop-cap-view-default) .elementor-drop-cap-letter{width:1em;height:1em}.elementor-widget-text-editor .elementor-drop-cap{float:left;text-align:center;line-height:1;font-size:50px}.elementor-widget-text-editor .elementor-drop-cap-letter{display:inline-block}<\/style>\t\t\t\t<p><b>Autohaus Turowski <\/b><br \/>Lockhofstra\u00dfe 4<br \/>45881 Gelsenkirchen<\/p><p>Telefon: <span data-track=\"click:MOBILE_CLICK_TO_CALL\" data-phone=\"+49(209)4083390\">+49(209)4083390<\/span><br \/>Telefax: 49(209)4083394<\/p><p>Umsatzsteueridentifikationsnummer (gem\u00e4\u00df \u00a727a Umsatzsteuergesetz): DE327224274<br \/>Vertretungsberechtigte(r): Dino Turowski<br \/>E-Mail:\u00a0<a href=\"mailto:info@autohaus-turowski.de\"><span style=\"color: #222222;\">info@autohaus-turowski.de<\/span><\/a><br \/><br \/>Weitere Angaben zum Impressum:<br \/>In Datenschutzfragen wenden Sie sich bitte an: <span style=\"color: #222222;\"><a style=\"color: #222222;\" href=\"mailto:info@autohaus-turowski.de\">info@autohaus-turowski.de<\/a><\/span><\/p><p>Alle Rechte vorbehalten. Texte, Bilder, Grafiken, Sound, Animationen und Videos unterliegen dem Schutz des Urheberrechts und anderer Schutzgesetze. Der Inhalt dieser Website darf nicht zu kommerziellen Zwecken verbreitet oder Dritten zug\u00e4nglich gemacht werden. Irrt\u00fcmer und \u00c4nderungen vorbehalten.<br \/><br \/>Sollten wir auf diesen Seiten Verkn\u00fcpfungen zu anderen Seiten im Internet angelegt haben, so haben wir auf s\u00e4mtliche Links keinerlei Einfluss. Deshalb distanzieren wir uns hiermit ausdr\u00fccklich von allen Inhalten der verkn\u00fcpften Seiten. Diese Erkl\u00e4rung gilt f\u00fcr alle auf dieser Seite ausgebrachten Links und f\u00fcr alle Inhalte der Seiten, zu denen ggf. Banner f\u00fchren.<br \/><br \/><span style=\"color: #222222;\"><a style=\"color: #222222;\" title=\"Modix Content Management System\" href=\"https:\/\/www.modix.de\" target=\"_blank\" rel=\"noopener\">Modix Content Management System<\/a><\/span><br \/><a title=\"Modix Content Management System\" href=\"https:\/\/www.modix.de\" target=\"_blank\" rel=\"noopener\"><span style=\"color: #222222;\">https:\/\/www.modix.de<\/span><\/a><\/p><p>\u00a0<\/p><p><strong>Autohaus Turowski<br \/>Devesestr. 65<br \/>45897 Gelsenkirchen<br \/>Telefon: +49(209)14990-0<br \/>Fax: +49(209)14990-101<br \/>E-Mail: <span style=\"color: #222222;\"><a style=\"color: #222222;\" href=\"mailto:info.45897@turowski.hyundaimail.de\">info@autohaus-turowski.de<\/a><\/span><br \/><br \/>Sitz der Firma: Gelsenkirchen<br \/><br \/>USt ID-Nr.: DE327224274<br \/><br \/>Inhaber: Dino Turowski<br \/><br \/>In Datenschutzfragen wenden Sie sich bitte an: <a href=\"mailto:info.45897@turowski.hyundaimail.de\"><span style=\"color: #222222;\">info@autohaus-turowski.de<\/span><\/a><\/strong><\/p>\t\t\t\t\t\t<\/div>\n\t\t\t\t<\/div>\n\t\t\t\t\t<\/div>\n\t\t<\/div>\n\t\t\t\t\t\t\t<\/div>\n\t\t<\/section>\n\t\t\t\t\t\t\t<\/div>\n\t\t","protected":false},"excerpt":{"rendered":"<p>Impressum Autohaus Turowski Lockhofstra\u00dfe 445881 Gelsenkirchen Telefon: +49(209)4083390Telefax: 49(209)4083394 Umsatzsteueridentifikationsnummer (gem\u00e4\u00df \u00a727a Umsatzsteuergesetz): DE327224274Vertretungsberechtigte(r): Dino TurowskiE-Mail:\u00a0info@autohaus-turowski.de Weitere Angaben zum Impressum:In Datenschutzfragen wenden Sie sich bitte an: info@autohaus-turowski.de Alle Rechte vorbehalten. Texte, Bilder, Grafiken, Sound, Animationen und Videos unterliegen dem Schutz des Urheberrechts und anderer Schutzgesetze. Der Inhalt dieser Website darf nicht zu kommerziellen Zwecken verbreitet [&hellip;]<\/p>\n","protected":false},"author":1,"featured_media":0,"parent":0,"menu_order":0,"comment_status":"closed","ping_status":"closed","template":"elementor_header_footer","meta":{"footnotes":""},"class_list":["post-28","page","type-page","status-publish","hentry"],"_links":{"self":[{"href":"https:\/\/autohaus-turowski-karriere.de\/index.php\/wp-json\/wp\/v2\/pages\/28","targetHints":{"allow":["GET"]}}],"collection":[{"href":"https:\/\/autohaus-turowski-karriere.de\/index.php\/wp-json\/wp\/v2\/pages"}],"about":[{"href":"https:\/\/autohaus-turowski-karriere.de\/index.php\/wp-json\/wp\/v2\/types\/page"}],"author":[{"embeddable":true,"href":"https:\/\/autohaus-turowski-karriere.de\/index.php\/wp-json\/wp\/v2\/users\/1"}],"replies":[{"embeddable":true,"href":"https:\/\/autohaus-turowski-karriere.de\/index.php\/wp-json\/wp\/v2\/comments?post=28"}],"version-history":[{"count":4,"href":"https:\/\/autohaus-turowski-karriere.de\/index.php\/wp-json\/wp\/v2\/pages\/28\/revisions"}],"predecessor-version":[{"id":69,"href":"https:\/\/autohaus-turowski-karriere.de\/index.php\/wp-json\/wp\/v2\/pages\/28\/revisions\/69"}],"wp:attachment":[{"href":"https:\/\/autohaus-turowski-karriere.de\/index.php\/wp-json\/wp\/v2\/media?parent=28"}],"curies":[{"name":"wp","href":"https:\/\/api.w.org\/{rel}","templated":true}]}}